{"id":58,"date":"2025-08-06T11:48:57","date_gmt":"2025-08-06T09:48:57","guid":{"rendered":"http:\/\/xn--bruniak-fpb.pl\/?page_id=58"},"modified":"2025-08-06T11:48:57","modified_gmt":"2025-08-06T09:48:57","slug":"nasze-prace","status":"publish","type":"page","link":"http:\/\/xn--bruniak-fpb.pl\/?page_id=58","title":{"rendered":"Nasze prace"},"content":{"rendered":"\n<div style=\"height:var(--wp--preset--spacing--50)\" aria-hidden=\"true\" class=\"wp-block-spacer\"><\/div>\n\n\n\n<div class=\"wp-block-group alignwide has-global-padding is-layout-constrained wp-block-group-is-layout-constrained\">\n<h1 class=\"wp-block-heading alignwide has-xx-large-font-size\" style=\"line-height:1.2\">Bru\u015bniak.pl to firma, kt\u00f3ra da Ci mo\u017cliwo\u015b\u0107 si\u0119gania wy\u017cej &#8211; dzi\u0119ki czemu realizacja twoich projekt\u00f3w i zada\u0144 stanie si\u0119 prostsza.<\/h1>\n<\/div>\n\n\n\n<div class=\"wp-block-group alignfull has-global-padding is-layout-constrained wp-container-core-group-is-layout-b25ccd55 wp-block-group-is-layout-constrained\" style=\"margin-top:0;margin-bottom:0;padding-top:var(--wp--preset--spacing--50);padding-right:var(--wp--preset--spacing--50);padding-bottom:var(--wp--preset--spacing--50);padding-left:var(--wp--preset--spacing--50)\">\n<div class=\"wp-block-columns alignwide is-layout-flex wp-container-core-columns-is-layout-ff4b9c61 wp-block-columns-is-layout-flex\" style=\"margin-top:0;margin-bottom:0\">\n<div class=\"wp-block-column is-layout-flow wp-container-core-column-is-layout-8a368f38 wp-block-column-is-layout-flow\">\n<figure class=\"wp-block-image size-full is-style-rounded is-style-rounded--1\"><img loading=\"lazy\" decoding=\"async\" width=\"736\" height=\"1000\" src=\"http:\/\/xn--bruniak-fpb.pl\/wp-content\/uploads\/2025\/08\/506653437_1218474160073903_4768481784485807416_n.jpg\" alt=\"\" class=\"wp-image-59\" style=\"aspect-ratio:4\/3;object-fit:cover\" srcset=\"http:\/\/xn--bruniak-fpb.pl\/wp-content\/uploads\/2025\/08\/506653437_1218474160073903_4768481784485807416_n.jpg 736w, http:\/\/xn--bruniak-fpb.pl\/wp-content\/uploads\/2025\/08\/506653437_1218474160073903_4768481784485807416_n-221x300.jpg 221w\" sizes=\"auto, (max-width: 736px) 100vw, 736px\" \/><\/figure>\n\n\n\n<div style=\"height:var(--wp--preset--spacing--50)\" aria-hidden=\"true\" class=\"wp-block-spacer\"><\/div>\n\n\n\n<figure class=\"wp-block-image size-large is-style-rounded is-style-rounded--2\"><img loading=\"lazy\" decoding=\"async\" width=\"1024\" height=\"768\" src=\"http:\/\/xn--bruniak-fpb.pl\/wp-content\/uploads\/2025\/08\/528037649_1259936495927669_3035464811881716709_n-1024x768.jpg\" alt=\"\" class=\"wp-image-65\" style=\"aspect-ratio:3\/4;object-fit:cover\" srcset=\"http:\/\/xn--bruniak-fpb.pl\/wp-content\/uploads\/2025\/08\/528037649_1259936495927669_3035464811881716709_n-1024x768.jpg 1024w, http:\/\/xn--bruniak-fpb.pl\/wp-content\/uploads\/2025\/08\/528037649_1259936495927669_3035464811881716709_n-300x225.jpg 300w, http:\/\/xn--bruniak-fpb.pl\/wp-content\/uploads\/2025\/08\/528037649_1259936495927669_3035464811881716709_n-768x576.jpg 768w, http:\/\/xn--bruniak-fpb.pl\/wp-content\/uploads\/2025\/08\/528037649_1259936495927669_3035464811881716709_n-1536x1152.jpg 1536w, http:\/\/xn--bruniak-fpb.pl\/wp-content\/uploads\/2025\/08\/528037649_1259936495927669_3035464811881716709_n.jpg 2048w\" sizes=\"auto, (max-width: 1024px) 100vw, 1024px\" \/><\/figure>\n\n\n\n<div style=\"height:var(--wp--preset--spacing--50)\" aria-hidden=\"true\" class=\"wp-block-spacer\"><\/div>\n\n\n\n<figure class=\"wp-block-image size-large is-style-rounded is-style-rounded--3\"><img loading=\"lazy\" decoding=\"async\" width=\"768\" height=\"1024\" src=\"http:\/\/xn--bruniak-fpb.pl\/wp-content\/uploads\/2025\/08\/518290268_1239447231309929_5751074576572804643_n-768x1024.jpg\" alt=\"\" class=\"wp-image-71\" style=\"aspect-ratio:3\/4;object-fit:cover\" srcset=\"http:\/\/xn--bruniak-fpb.pl\/wp-content\/uploads\/2025\/08\/518290268_1239447231309929_5751074576572804643_n-768x1024.jpg 768w, http:\/\/xn--bruniak-fpb.pl\/wp-content\/uploads\/2025\/08\/518290268_1239447231309929_5751074576572804643_n-225x300.jpg 225w, http:\/\/xn--bruniak-fpb.pl\/wp-content\/uploads\/2025\/08\/518290268_1239447231309929_5751074576572804643_n-1152x1536.jpg 1152w, http:\/\/xn--bruniak-fpb.pl\/wp-content\/uploads\/2025\/08\/518290268_1239447231309929_5751074576572804643_n.jpg 1536w\" sizes=\"auto, (max-width: 768px) 100vw, 768px\" \/><\/figure>\n<\/div>\n\n\n\n<div class=\"wp-block-column is-layout-flow wp-container-core-column-is-layout-8a368f38 wp-block-column-is-layout-flow\">\n<div style=\"height:var(--wp--preset--spacing--50)\" aria-hidden=\"true\" class=\"wp-block-spacer\"><\/div>\n\n\n\n<figure class=\"wp-block-image size-large is-style-rounded is-style-rounded--4\"><img loading=\"lazy\" decoding=\"async\" width=\"922\" height=\"1231\" src=\"http:\/\/xn--bruniak-fpb.pl\/wp-content\/uploads\/2025\/08\/515338261_1233163298604989_4287400551947574259_n-1-edited.jpg\" alt=\"\" class=\"wp-image-61\" style=\"aspect-ratio:3\/4;object-fit:cover\" srcset=\"http:\/\/xn--bruniak-fpb.pl\/wp-content\/uploads\/2025\/08\/515338261_1233163298604989_4287400551947574259_n-1-edited.jpg 922w, http:\/\/xn--bruniak-fpb.pl\/wp-content\/uploads\/2025\/08\/515338261_1233163298604989_4287400551947574259_n-1-edited-225x300.jpg 225w, http:\/\/xn--bruniak-fpb.pl\/wp-content\/uploads\/2025\/08\/515338261_1233163298604989_4287400551947574259_n-1-edited-767x1024.jpg 767w, http:\/\/xn--bruniak-fpb.pl\/wp-content\/uploads\/2025\/08\/515338261_1233163298604989_4287400551947574259_n-1-edited-768x1025.jpg 768w\" sizes=\"auto, (max-width: 922px) 100vw, 922px\" \/><\/figure>\n\n\n\n<div style=\"height:var(--wp--preset--spacing--50)\" aria-hidden=\"true\" class=\"wp-block-spacer\"><\/div>\n\n\n\n<figure class=\"wp-block-image size-large is-style-rounded is-style-rounded--5\"><img loading=\"lazy\" decoding=\"async\" width=\"922\" height=\"1231\" src=\"http:\/\/xn--bruniak-fpb.pl\/wp-content\/uploads\/2025\/08\/526458889_1256594316261887_1334864593730502325_n-edited.jpg\" alt=\"\" class=\"wp-image-67\" style=\"aspect-ratio:1;object-fit:cover\" srcset=\"http:\/\/xn--bruniak-fpb.pl\/wp-content\/uploads\/2025\/08\/526458889_1256594316261887_1334864593730502325_n-edited.jpg 922w, http:\/\/xn--bruniak-fpb.pl\/wp-content\/uploads\/2025\/08\/526458889_1256594316261887_1334864593730502325_n-edited-225x300.jpg 225w, http:\/\/xn--bruniak-fpb.pl\/wp-content\/uploads\/2025\/08\/526458889_1256594316261887_1334864593730502325_n-edited-767x1024.jpg 767w, http:\/\/xn--bruniak-fpb.pl\/wp-content\/uploads\/2025\/08\/526458889_1256594316261887_1334864593730502325_n-edited-768x1025.jpg 768w\" sizes=\"auto, (max-width: 922px) 100vw, 922px\" \/><\/figure>\n\n\n\n<div style=\"height:var(--wp--preset--spacing--50)\" aria-hidden=\"true\" class=\"wp-block-spacer\"><\/div>\n\n\n\n<figure class=\"wp-block-image size-full is-style-rounded is-style-rounded--6\"><img loading=\"lazy\" decoding=\"async\" width=\"736\" height=\"1000\" src=\"http:\/\/xn--bruniak-fpb.pl\/wp-content\/uploads\/2025\/08\/528666876_1259935355927783_5962619387860071694_n.jpg\" alt=\"\" class=\"wp-image-72\" style=\"aspect-ratio:1;object-fit:cover\" srcset=\"http:\/\/xn--bruniak-fpb.pl\/wp-content\/uploads\/2025\/08\/528666876_1259935355927783_5962619387860071694_n.jpg 736w, http:\/\/xn--bruniak-fpb.pl\/wp-content\/uploads\/2025\/08\/528666876_1259935355927783_5962619387860071694_n-221x300.jpg 221w\" sizes=\"auto, (max-width: 736px) 100vw, 736px\" \/><\/figure>\n<\/div>\n\n\n\n<div class=\"wp-block-column is-layout-flow wp-container-core-column-is-layout-8a368f38 wp-block-column-is-layout-flow\">\n<figure class=\"wp-block-image size-large is-style-rounded is-style-rounded--7\"><img loading=\"lazy\" decoding=\"async\" width=\"768\" height=\"1024\" src=\"http:\/\/xn--bruniak-fpb.pl\/wp-content\/uploads\/2025\/08\/518306070_1239447031309949_8499772939136067_n-768x1024.jpg\" alt=\"\" class=\"wp-image-62\" style=\"aspect-ratio:3\/4;object-fit:cover\" srcset=\"http:\/\/xn--bruniak-fpb.pl\/wp-content\/uploads\/2025\/08\/518306070_1239447031309949_8499772939136067_n-768x1024.jpg 768w, http:\/\/xn--bruniak-fpb.pl\/wp-content\/uploads\/2025\/08\/518306070_1239447031309949_8499772939136067_n-225x300.jpg 225w, http:\/\/xn--bruniak-fpb.pl\/wp-content\/uploads\/2025\/08\/518306070_1239447031309949_8499772939136067_n-1152x1536.jpg 1152w, http:\/\/xn--bruniak-fpb.pl\/wp-content\/uploads\/2025\/08\/518306070_1239447031309949_8499772939136067_n.jpg 1536w\" sizes=\"auto, (max-width: 768px) 100vw, 768px\" \/><\/figure>\n\n\n\n<div style=\"height:var(--wp--preset--spacing--50)\" aria-hidden=\"true\" class=\"wp-block-spacer\"><\/div>\n\n\n\n<figure class=\"wp-block-image size-large is-style-rounded is-style-rounded--8\"><img loading=\"lazy\" decoding=\"async\" width=\"922\" height=\"1231\" src=\"http:\/\/xn--bruniak-fpb.pl\/wp-content\/uploads\/2025\/08\/524587414_1253461796575139_5457221211422454254_n-edited.jpg\" alt=\"\" class=\"wp-image-69\" style=\"aspect-ratio:3\/4;object-fit:cover\" srcset=\"http:\/\/xn--bruniak-fpb.pl\/wp-content\/uploads\/2025\/08\/524587414_1253461796575139_5457221211422454254_n-edited.jpg 922w, http:\/\/xn--bruniak-fpb.pl\/wp-content\/uploads\/2025\/08\/524587414_1253461796575139_5457221211422454254_n-edited-225x300.jpg 225w, http:\/\/xn--bruniak-fpb.pl\/wp-content\/uploads\/2025\/08\/524587414_1253461796575139_5457221211422454254_n-edited-767x1024.jpg 767w, http:\/\/xn--bruniak-fpb.pl\/wp-content\/uploads\/2025\/08\/524587414_1253461796575139_5457221211422454254_n-edited-768x1025.jpg 768w\" sizes=\"auto, (max-width: 922px) 100vw, 922px\" \/><\/figure>\n\n\n\n<div style=\"height:var(--wp--preset--spacing--50)\" aria-hidden=\"true\" class=\"wp-block-spacer\"><\/div>\n\n\n\n<figure class=\"wp-block-image size-full is-style-rounded is-style-rounded--9\"><img loading=\"lazy\" decoding=\"async\" width=\"2048\" height=\"921\" src=\"http:\/\/xn--bruniak-fpb.pl\/wp-content\/uploads\/2025\/08\/520875628_1248653477055971_6566861613191796311_n.jpg\" alt=\"\" class=\"wp-image-77\" style=\"aspect-ratio:16\/9;object-fit:cover\" srcset=\"http:\/\/xn--bruniak-fpb.pl\/wp-content\/uploads\/2025\/08\/520875628_1248653477055971_6566861613191796311_n.jpg 2048w, http:\/\/xn--bruniak-fpb.pl\/wp-content\/uploads\/2025\/08\/520875628_1248653477055971_6566861613191796311_n-300x135.jpg 300w, http:\/\/xn--bruniak-fpb.pl\/wp-content\/uploads\/2025\/08\/520875628_1248653477055971_6566861613191796311_n-1024x461.jpg 1024w, http:\/\/xn--bruniak-fpb.pl\/wp-content\/uploads\/2025\/08\/520875628_1248653477055971_6566861613191796311_n-768x345.jpg 768w, http:\/\/xn--bruniak-fpb.pl\/wp-content\/uploads\/2025\/08\/520875628_1248653477055971_6566861613191796311_n-1536x691.jpg 1536w\" sizes=\"auto, (max-width: 2048px) 100vw, 2048px\" \/><\/figure>\n<\/div>\n\n\n\n<div class=\"wp-block-column is-layout-flow wp-container-core-column-is-layout-8a368f38 wp-block-column-is-layout-flow\">\n<div style=\"height:var(--wp--preset--spacing--50)\" aria-hidden=\"true\" class=\"wp-block-spacer\"><\/div>\n\n\n\n<figure class=\"wp-block-image size-large is-style-rounded is-style-rounded--10\"><img loading=\"lazy\" decoding=\"async\" width=\"922\" height=\"1231\" src=\"http:\/\/xn--bruniak-fpb.pl\/wp-content\/uploads\/2025\/08\/524716200_1253462053241780_5643156230637996067_n-edited.jpg\" alt=\"\" class=\"wp-image-64\" style=\"aspect-ratio:1;object-fit:cover\" srcset=\"http:\/\/xn--bruniak-fpb.pl\/wp-content\/uploads\/2025\/08\/524716200_1253462053241780_5643156230637996067_n-edited.jpg 922w, http:\/\/xn--bruniak-fpb.pl\/wp-content\/uploads\/2025\/08\/524716200_1253462053241780_5643156230637996067_n-edited-225x300.jpg 225w, http:\/\/xn--bruniak-fpb.pl\/wp-content\/uploads\/2025\/08\/524716200_1253462053241780_5643156230637996067_n-edited-767x1024.jpg 767w, http:\/\/xn--bruniak-fpb.pl\/wp-content\/uploads\/2025\/08\/524716200_1253462053241780_5643156230637996067_n-edited-768x1025.jpg 768w\" sizes=\"auto, (max-width: 922px) 100vw, 922px\" \/><\/figure>\n\n\n\n<div style=\"height:var(--wp--preset--spacing--50)\" aria-hidden=\"true\" class=\"wp-block-spacer\"><\/div>\n\n\n\n<figure class=\"wp-block-image size-large is-style-rounded is-style-rounded--11\"><img loading=\"lazy\" decoding=\"async\" width=\"1024\" height=\"768\" src=\"http:\/\/xn--bruniak-fpb.pl\/wp-content\/uploads\/2025\/08\/506475511_1218474806740505_2626244834727831716_n-1024x768.jpg\" alt=\"\" class=\"wp-image-70\" style=\"aspect-ratio:16\/9;object-fit:cover\" srcset=\"http:\/\/xn--bruniak-fpb.pl\/wp-content\/uploads\/2025\/08\/506475511_1218474806740505_2626244834727831716_n-1024x768.jpg 1024w, http:\/\/xn--bruniak-fpb.pl\/wp-content\/uploads\/2025\/08\/506475511_1218474806740505_2626244834727831716_n-300x225.jpg 300w, http:\/\/xn--bruniak-fpb.pl\/wp-content\/uploads\/2025\/08\/506475511_1218474806740505_2626244834727831716_n-768x576.jpg 768w, http:\/\/xn--bruniak-fpb.pl\/wp-content\/uploads\/2025\/08\/506475511_1218474806740505_2626244834727831716_n-1536x1152.jpg 1536w, http:\/\/xn--bruniak-fpb.pl\/wp-content\/uploads\/2025\/08\/506475511_1218474806740505_2626244834727831716_n.jpg 2048w\" sizes=\"auto, (max-width: 1024px) 100vw, 1024px\" \/><\/figure>\n\n\n\n<div style=\"height:var(--wp--preset--spacing--50)\" aria-hidden=\"true\" class=\"wp-block-spacer\"><\/div>\n\n\n\n<figure class=\"wp-block-image size-full is-style-rounded is-style-rounded--12\"><img loading=\"lazy\" decoding=\"async\" width=\"736\" height=\"1000\" src=\"http:\/\/xn--bruniak-fpb.pl\/wp-content\/uploads\/2025\/08\/517356330_1239446284643357_4495628240092960659_n-1.jpg\" alt=\"\" class=\"wp-image-74\" style=\"aspect-ratio:9\/16;object-fit:cover\" srcset=\"http:\/\/xn--bruniak-fpb.pl\/wp-content\/uploads\/2025\/08\/517356330_1239446284643357_4495628240092960659_n-1.jpg 736w, http:\/\/xn--bruniak-fpb.pl\/wp-content\/uploads\/2025\/08\/517356330_1239446284643357_4495628240092960659_n-1-221x300.jpg 221w\" sizes=\"auto, (max-width: 736px) 100vw, 736px\" \/><\/figure>\n<\/div>\n<\/div>\n<\/div>\n","protected":false},"excerpt":{"rendered":"<p>Bru\u015bniak.pl to firma, kt\u00f3ra da Ci mo\u017cliwo\u015b\u0107 si\u0119gania wy\u017cej &#8211; dzi\u0119ki czemu realizacja twoich projekt\u00f3w i zada\u0144 stanie si\u0119 prostsza.<\/p>\n","protected":false},"author":1,"featured_media":0,"parent":0,"menu_order":0,"comment_status":"closed","ping_status":"closed","template":"","meta":{"footnotes":""},"class_list":["post-58","page","type-page","status-publish","hentry"],"_links":{"self":[{"href":"http:\/\/xn--bruniak-fpb.pl\/index.php?rest_route=\/wp\/v2\/pages\/58","targetHints":{"allow":["GET"]}}],"collection":[{"href":"http:\/\/xn--bruniak-fpb.pl\/index.php?rest_route=\/wp\/v2\/pages"}],"about":[{"href":"http:\/\/xn--bruniak-fpb.pl\/index.php?rest_route=\/wp\/v2\/types\/page"}],"author":[{"embeddable":true,"href":"http:\/\/xn--bruniak-fpb.pl\/index.php?rest_route=\/wp\/v2\/users\/1"}],"replies":[{"embeddable":true,"href":"http:\/\/xn--bruniak-fpb.pl\/index.php?rest_route=%2Fwp%2Fv2%2Fcomments&post=58"}],"version-history":[{"count":1,"href":"http:\/\/xn--bruniak-fpb.pl\/index.php?rest_route=\/wp\/v2\/pages\/58\/revisions"}],"predecessor-version":[{"id":78,"href":"http:\/\/xn--bruniak-fpb.pl\/index.php?rest_route=\/wp\/v2\/pages\/58\/revisions\/78"}],"wp:attachment":[{"href":"http:\/\/xn--bruniak-fpb.pl\/index.php?rest_route=%2Fwp%2Fv2%2Fmedia&parent=58"}],"curies":[{"name":"wp","href":"https:\/\/api.w.org\/{rel}","templated":true}]}}