{"id":50,"date":"2025-08-06T10:07:37","date_gmt":"2025-08-06T08:07:37","guid":{"rendered":"http:\/\/xn--bruniak-fpb.pl\/?page_id=50"},"modified":"2025-08-06T12:42:57","modified_gmt":"2025-08-06T10:42:57","slug":"kontakt","status":"publish","type":"page","link":"http:\/\/xn--bruniak-fpb.pl\/?page_id=50","title":{"rendered":"Kontakt"},"content":{"rendered":"\n<figure class=\"wp-block-image aligncenter size-full is-resized\"><a href=\"www.bru\u015bniak.pl\"><img loading=\"lazy\" decoding=\"async\" width=\"567\" height=\"76\" src=\"http:\/\/xn--bruniak-fpb.pl\/wp-content\/uploads\/2025\/08\/Brusniak.png\" alt=\"\" class=\"wp-image-8\" style=\"width:640px;height:auto\" srcset=\"http:\/\/xn--bruniak-fpb.pl\/wp-content\/uploads\/2025\/08\/Brusniak.png 567w, http:\/\/xn--bruniak-fpb.pl\/wp-content\/uploads\/2025\/08\/Brusniak-300x40.png 300w\" sizes=\"auto, (max-width: 567px) 100vw, 567px\" \/><\/a><\/figure>\n\n\n\n<p><\/p>\n\n\n\n<p><strong>Bru\u015bniak.pl<\/strong><\/p>\n\n\n\n<p>Us\u0142ugi Podno\u015bnikowe<\/p>\n\n\n\n<p>Telefon: 661 206 315<\/p>\n\n\n\n<p>ul. Budowlana 3, 08-110 Siedlce<\/p>\n\n\n\n<p><a href=\"https:\/\/www.facebook.com\/Brusniakpl\" data-type=\"link\" data-id=\"https:\/\/www.facebook.com\/Brusniakpl\">Facebook: Bru\u015bniak.pl<\/a><\/p>\n\n\n\n<p><\/p>\n\n\n\n<p><\/p>\n\n\n\n<p><\/p>\n","protected":false},"excerpt":{"rendered":"<p>Bru\u015bniak.pl Us\u0142ugi Podno\u015bnikowe Telefon: 661 206 315 ul. Budowlana 3, 08-110 Siedlce Facebook: Bru\u015bniak.pl<\/p>\n","protected":false},"author":1,"featured_media":0,"parent":0,"menu_order":0,"comment_status":"closed","ping_status":"closed","template":"page-wide","meta":{"footnotes":""},"class_list":["post-50","page","type-page","status-publish","hentry"],"_links":{"self":[{"href":"http:\/\/xn--bruniak-fpb.pl\/index.php?rest_route=\/wp\/v2\/pages\/50","targetHints":{"allow":["GET"]}}],"collection":[{"href":"http:\/\/xn--bruniak-fpb.pl\/index.php?rest_route=\/wp\/v2\/pages"}],"about":[{"href":"http:\/\/xn--bruniak-fpb.pl\/index.php?rest_route=\/wp\/v2\/types\/page"}],"author":[{"embeddable":true,"href":"http:\/\/xn--bruniak-fpb.pl\/index.php?rest_route=\/wp\/v2\/users\/1"}],"replies":[{"embeddable":true,"href":"http:\/\/xn--bruniak-fpb.pl\/index.php?rest_route=%2Fwp%2Fv2%2Fcomments&post=50"}],"version-history":[{"count":4,"href":"http:\/\/xn--bruniak-fpb.pl\/index.php?rest_route=\/wp\/v2\/pages\/50\/revisions"}],"predecessor-version":[{"id":57,"href":"http:\/\/xn--bruniak-fpb.pl\/index.php?rest_route=\/wp\/v2\/pages\/50\/revisions\/57"}],"wp:attachment":[{"href":"http:\/\/xn--bruniak-fpb.pl\/index.php?rest_route=%2Fwp%2Fv2%2Fmedia&parent=50"}],"curies":[{"name":"wp","href":"https:\/\/api.w.org\/{rel}","templated":true}]}}